{"id":7,"date":"2019-05-21T07:01:49","date_gmt":"2019-05-21T07:01:49","guid":{"rendered":"https:\/\/websitedemos.net\/alex41\/?page_id=7"},"modified":"2025-10-22T09:34:34","modified_gmt":"2025-10-22T09:34:34","slug":"bio","status":"publish","type":"page","link":"https:\/\/royeinardreng.com\/pl\/bio\/","title":{"rendered":"Bio"},"content":{"rendered":"\t\t<div data-elementor-type=\"wp-post\" data-elementor-id=\"7\" class=\"elementor elementor-7\">\n\t\t\t\t\t\t<section class=\"elementor-section elementor-top-section elementor-element elementor-element-d5e6c58 elementor-section-boxed elementor-section-height-default elementor-section-height-default\" data-id=\"d5e6c58\" data-element_type=\"section\" data-settings=\"{&quot;background_background&quot;:&quot;classic&quot;}\">\n\t\t\t\t\t\t\t<div class=\"elementor-background-overlay\"><\/div>\n\t\t\t\t\t\t\t<div class=\"elementor-container elementor-column-gap-no\">\n\t\t\t\t\t<div class=\"elementor-column elementor-col-100 elementor-top-column elementor-element elementor-element-bf86a77\" data-id=\"bf86a77\" data-element_type=\"column\">\n\t\t\t<div class=\"elementor-widget-wrap elementor-element-populated\">\n\t\t\t\t\t\t<div class=\"elementor-element elementor-element-025aead elementor-widget elementor-widget-heading\" data-id=\"025aead\" data-element_type=\"widget\" data-widget_type=\"heading.default\">\n\t\t\t\t<div class=\"elementor-widget-container\">\n\t\t\t\t\t<h1 class=\"elementor-heading-title elementor-size-default\">Biografia<\/h1>\t\t\t\t<\/div>\n\t\t\t\t<\/div>\n\t\t\t\t\t<\/div>\n\t\t<\/div>\n\t\t\t\t\t<\/div>\n\t\t<\/section>\n\t\t\t\t<section class=\"elementor-section elementor-top-section elementor-element elementor-element-bb7ba54 elementor-section-boxed elementor-section-height-default elementor-section-height-default\" data-id=\"bb7ba54\" data-element_type=\"section\" data-settings=\"{&quot;background_background&quot;:&quot;classic&quot;}\">\n\t\t\t\t\t\t\t<div class=\"elementor-background-overlay\"><\/div>\n\t\t\t\t\t\t\t<div class=\"elementor-container elementor-column-gap-default\">\n\t\t\t\t\t<div class=\"elementor-column elementor-col-50 elementor-top-column elementor-element elementor-element-47ff7d3\" data-id=\"47ff7d3\" data-element_type=\"column\">\n\t\t\t<div class=\"elementor-widget-wrap elementor-element-populated\">\n\t\t\t\t\t\t<div class=\"elementor-element elementor-element-392a2ad elementor-widget elementor-widget-text-editor\" data-id=\"392a2ad\" data-element_type=\"widget\" data-widget_type=\"text-editor.default\">\n\t\t\t\t<div class=\"elementor-widget-container\">\n\t\t\t\t\t\t\t\t\t<p>M\u00f3j rodow\u00f3d wywodzi si\u0119 z tradycji rodzinnych.<br \/>Moi rodzice \u015bpiewali w ch\u00f3rze. Dziadkowie grali na skrzypcach, mandolinie i gitarze.<br \/>Te instrumenty mnie interesowa\u0142y od dziecka. Ukszta\u0142towa\u0142y brzmienie mojej muzyki.<br \/>Tworz\u0105c wracam do wspomnie\u0144. Na przyk\u0142ad do gramofonu dziadka. Z jak\u0105 fascynacj\u0105 patrzy\u0142em na wiruj\u0105ce na nim p\u0142yty winylowe. Pasja s\u0142uchania winyli zosta\u0142a. Wci\u0105\u017c wracam do kr\u0105\u017ck\u00f3w muzyk\u00f3w country, takich jak Buck Owens, Jim Reeves, Dolly Parton, Johnny Cash itp., a tak\u017ce do wybitnych p\u0142yt rockowych, takich jak Chuck Berry i Buddy Holly.<br \/>Muzyka ameryka\u0144ska jest mi bliska, ale kiedy, w wieku 15 lat, odkry\u0142em muzyk\u0119 Boba Dylana, poczu\u0142em, \u017ce wracam do domu. Na jego tw\u00f3rczo\u015bci stworzy\u0142em platform\u0119 dla mojego muzycznego \u017cycia. Dylan zawsze b\u0119dzie moim mistrzem.<\/p>\t\t\t\t\t\t\t\t<\/div>\n\t\t\t\t<\/div>\n\t\t\t\t<div class=\"elementor-element elementor-element-64f36d9 elementor-widget elementor-widget-text-editor\" data-id=\"64f36d9\" data-element_type=\"widget\" data-widget_type=\"text-editor.default\">\n\t\t\t\t<div class=\"elementor-widget-container\">\n\t\t\t\t\t\t\t\t\t<p>Otworzy\u0142 mi drzwi do muzycznego \u015bwiata, bliski mi jest blues, country, jazz, folk rock. Odkry\u0142em te\u017c brytyjsk\u0105 muzyk\u0119 ludow\u0105. I jej \u015blad jest w mojej tw\u00f3rczo\u015bci.<br \/>S\u0142uchaj\u0105c muzyki ludowej, jestem bli\u017cej natury. To wa\u017cne, bo moja artystyczna wra\u017cliwo\u015b\u0107 ma swoje korzenie w norweskiej przyrodzie i norweskiej muzyce ludowej. Bez niej nie by\u0142oby mnie, ani mojej muzyki. To moja dusza. Moja krew. Zawsze obecna.<\/p>\t\t\t\t\t\t\t\t<\/div>\n\t\t\t\t<\/div>\n\t\t\t\t\t<\/div>\n\t\t<\/div>\n\t\t\t\t<div class=\"elementor-column elementor-col-50 elementor-top-column elementor-element elementor-element-5d67d21\" data-id=\"5d67d21\" data-element_type=\"column\">\n\t\t\t<div class=\"elementor-widget-wrap elementor-element-populated\">\n\t\t\t\t\t\t<div class=\"elementor-element elementor-element-51915f2 elementor-hidden-tablet elementor-hidden-phone elementor-widget elementor-widget-image\" data-id=\"51915f2\" data-element_type=\"widget\" data-widget_type=\"image.default\">\n\t\t\t\t<div class=\"elementor-widget-container\">\n\t\t\t\t\t\t\t\t\t\t\t\t\t\t\t<img fetchpriority=\"high\" decoding=\"async\" width=\"720\" height=\"960\" src=\"https:\/\/royeinardreng.com\/pl\/wp-content\/uploads\/2020\/02\/Kolbudy-4.jpg\" class=\"attachment-large size-large wp-image-633\" alt=\"\" srcset=\"https:\/\/royeinardreng.com\/pl\/wp-content\/uploads\/2020\/02\/Kolbudy-4.jpg 720w, https:\/\/royeinardreng.com\/pl\/wp-content\/uploads\/2020\/02\/Kolbudy-4-225x300.jpg 225w\" sizes=\"(max-width: 720px) 100vw, 720px\" \/>\t\t\t\t\t\t\t\t\t\t\t\t\t\t\t<\/div>\n\t\t\t\t<\/div>\n\t\t\t\t\t<\/div>\n\t\t<\/div>\n\t\t\t\t\t<\/div>\n\t\t<\/section>\n\t\t\t\t<\/div>\n\t\t","protected":false},"excerpt":{"rendered":"<p>Biografia M\u00f3j rodow\u00f3d wywodzi si\u0119 z tradycji rodzinnych.Moi rodzice \u015bpiewali w ch\u00f3rze. Dziadkowie grali na skrzypcach, mandolinie i gitarze.Te instrumenty mnie interesowa\u0142y od dziecka. Ukszta\u0142towa\u0142y brzmienie mojej muzyki.Tworz\u0105c wracam do wspomnie\u0144. Na przyk\u0142ad do gramofonu dziadka. Z jak\u0105 fascynacj\u0105 patrzy\u0142em na wiruj\u0105ce na nim p\u0142yty winylowe. Pasja s\u0142uchania winyli zosta\u0142a. Wci\u0105\u017c wracam do kr\u0105\u017ck\u00f3w muzyk\u00f3w [&hellip;]<\/p>\n","protected":false},"author":1,"featured_media":0,"parent":0,"menu_order":0,"comment_status":"closed","ping_status":"closed","template":"elementor_header_footer","meta":{"site-sidebar-layout":"default","site-content-layout":"page-builder","ast-site-content-layout":"default","site-content-style":"default","site-sidebar-style":"default","ast-global-header-display":"","ast-banner-title-visibility":"","ast-main-header-display":"","ast-hfb-above-header-display":"","ast-hfb-below-header-display":"","ast-hfb-mobile-header-display":"","site-post-title":"disabled","ast-breadcrumbs-content":"disabled","ast-featured-img":"disabled","footer-sml-layout":"","theme-transparent-header-meta":"enabled","adv-header-id-meta":"","stick-header-meta":"default","header-above-stick-meta":"","header-main-stick-meta":"","header-below-stick-meta":"","astra-migrate-meta-layouts":"default","ast-page-background-enabled":"default","ast-page-background-meta":{"desktop":{"background-color":"var(--ast-global-color-4)","background-image":"","background-repeat":"repeat","background-position":"center center","background-size":"auto","background-attachment":"scroll","background-type":"","background-media":"","overlay-type":"","overlay-color":"","overlay-opacity":"","overlay-gradient":""},"tablet":{"background-color":"","background-image":"","background-repeat":"repeat","background-position":"center center","background-size":"auto","background-attachment":"scroll","background-type":"","background-media":"","overlay-type":"","overlay-color":"","overlay-opacity":"","overlay-gradient":""},"mobile":{"background-color":"","background-image":"","background-repeat":"repeat","background-position":"center center","background-size":"auto","background-attachment":"scroll","background-type":"","background-media":"","overlay-type":"","overlay-color":"","overlay-opacity":"","overlay-gradient":""}},"ast-content-background-meta":{"desktop":{"background-color":"var(--ast-global-color-5)","background-image":"","background-repeat":"repeat","background-position":"center center","background-size":"auto","background-attachment":"scroll","background-type":"","background-media":"","overlay-type":"","overlay-color":"","overlay-opacity":"","overlay-gradient":""},"tablet":{"background-color":"var(--ast-global-color-5)","background-image":"","background-repeat":"repeat","background-position":"center center","background-size":"auto","background-attachment":"scroll","background-type":"","background-media":"","overlay-type":"","overlay-color":"","overlay-opacity":"","overlay-gradient":""},"mobile":{"background-color":"var(--ast-global-color-5)","background-image":"","background-repeat":"repeat","background-position":"center center","background-size":"auto","background-attachment":"scroll","background-type":"","background-media":"","overlay-type":"","overlay-color":"","overlay-opacity":"","overlay-gradient":""}},"footnotes":""},"class_list":["post-7","page","type-page","status-publish","hentry"],"_links":{"self":[{"href":"https:\/\/royeinardreng.com\/pl\/wp-json\/wp\/v2\/pages\/7","targetHints":{"allow":["GET"]}}],"collection":[{"href":"https:\/\/royeinardreng.com\/pl\/wp-json\/wp\/v2\/pages"}],"about":[{"href":"https:\/\/royeinardreng.com\/pl\/wp-json\/wp\/v2\/types\/page"}],"author":[{"embeddable":true,"href":"https:\/\/royeinardreng.com\/pl\/wp-json\/wp\/v2\/users\/1"}],"replies":[{"embeddable":true,"href":"https:\/\/royeinardreng.com\/pl\/wp-json\/wp\/v2\/comments?post=7"}],"version-history":[{"count":18,"href":"https:\/\/royeinardreng.com\/pl\/wp-json\/wp\/v2\/pages\/7\/revisions"}],"predecessor-version":[{"id":1546,"href":"https:\/\/royeinardreng.com\/pl\/wp-json\/wp\/v2\/pages\/7\/revisions\/1546"}],"wp:attachment":[{"href":"https:\/\/royeinardreng.com\/pl\/wp-json\/wp\/v2\/media?parent=7"}],"curies":[{"name":"wp","href":"https:\/\/api.w.org\/{rel}","templated":true}]}}