{"id":15,"date":"2019-05-21T07:15:21","date_gmt":"2019-05-21T07:15:21","guid":{"rendered":"https:\/\/websitedemos.net\/alex41\/?page_id=15"},"modified":"2020-12-15T18:07:21","modified_gmt":"2020-12-15T18:07:21","slug":"discography","status":"publish","type":"page","link":"https:\/\/royeinardreng.com\/pl\/discography\/","title":{"rendered":"Dyskografia"},"content":{"rendered":"\t\t<div data-elementor-type=\"wp-post\" data-elementor-id=\"15\" class=\"elementor elementor-15\">\n\t\t\t\t\t\t<section class=\"elementor-section elementor-top-section elementor-element elementor-element-5af63dd elementor-section-boxed elementor-section-height-default elementor-section-height-default\" data-id=\"5af63dd\" data-element_type=\"section\" data-settings=\"{&quot;background_background&quot;:&quot;classic&quot;}\">\n\t\t\t\t\t\t\t<div class=\"elementor-background-overlay\"><\/div>\n\t\t\t\t\t\t\t<div class=\"elementor-container elementor-column-gap-no\">\n\t\t\t\t\t<div class=\"elementor-column elementor-col-100 elementor-top-column elementor-element elementor-element-3ac7369\" data-id=\"3ac7369\" data-element_type=\"column\">\n\t\t\t<div class=\"elementor-widget-wrap elementor-element-populated\">\n\t\t\t\t\t\t<div class=\"elementor-element elementor-element-f3eb272 elementor-widget elementor-widget-heading\" data-id=\"f3eb272\" data-element_type=\"widget\" data-widget_type=\"heading.default\">\n\t\t\t\t<div class=\"elementor-widget-container\">\n\t\t\t\t\t<h1 class=\"elementor-heading-title elementor-size-default\">Discography<\/h1>\t\t\t\t<\/div>\n\t\t\t\t<\/div>\n\t\t\t\t\t<\/div>\n\t\t<\/div>\n\t\t\t\t\t<\/div>\n\t\t<\/section>\n\t\t\t\t<section class=\"elementor-section elementor-top-section elementor-element elementor-element-d9cf20c elementor-section-content-middle elementor-section-boxed elementor-section-height-default elementor-section-height-default\" data-id=\"d9cf20c\" data-element_type=\"section\" data-settings=\"{&quot;background_background&quot;:&quot;classic&quot;}\">\n\t\t\t\t\t\t<div class=\"elementor-container elementor-column-gap-default\">\n\t\t\t\t\t<div class=\"elementor-column elementor-col-100 elementor-top-column elementor-element elementor-element-baff3c1\" data-id=\"baff3c1\" data-element_type=\"column\">\n\t\t\t<div class=\"elementor-widget-wrap elementor-element-populated\">\n\t\t\t\t\t\t<section class=\"elementor-section elementor-inner-section elementor-element elementor-element-20f00ab elementor-section-content-middle elementor-reverse-mobile elementor-section-boxed elementor-section-height-default elementor-section-height-default\" data-id=\"20f00ab\" data-element_type=\"section\">\n\t\t\t\t\t\t<div class=\"elementor-container elementor-column-gap-no\">\n\t\t\t\t\t<div class=\"elementor-column elementor-col-50 elementor-inner-column elementor-element elementor-element-6a20704\" data-id=\"6a20704\" data-element_type=\"column\">\n\t\t\t<div class=\"elementor-widget-wrap elementor-element-populated\">\n\t\t\t\t\t\t<div class=\"elementor-element elementor-element-22a3ebe elementor-widget elementor-widget-heading\" data-id=\"22a3ebe\" data-element_type=\"widget\" data-widget_type=\"heading.default\">\n\t\t\t\t<div class=\"elementor-widget-container\">\n\t\t\t\t\t<h6 class=\"elementor-heading-title elementor-size-default\">R.E.Dreng &amp; Friends<\/h6>\t\t\t\t<\/div>\n\t\t\t\t<\/div>\n\t\t\t\t<div class=\"elementor-element elementor-element-f6fd324 elementor-widget elementor-widget-text-editor\" data-id=\"f6fd324\" data-element_type=\"widget\" data-widget_type=\"text-editor.default\">\n\t\t\t\t<div class=\"elementor-widget-container\">\n\t\t\t\t\t\t\t\t\tKiedy zacz\u0105\u0142em pracowa\u0107 nad tym albumem, mia\u0142em oko\u0142o 50 piosenek.\n\nMy\u015bla\u0142em, \u017ce robi\u0119 typowy album Americana, ale okaza\u0142o si\u0119, \u017ce jest inaczej.\n\nMoja mi\u0142o\u015b\u0107 do muzyki ludowej i fakt, \u017ce pi\u0119kni muzycy tak bardzo dodali swojej duszy do piosenek, sprawi\u0142y, \u017ce jest to prawdziwie z\u0142o\u017cony album.\nWp\u0142ywy ameryka\u0144skie, hiszpa\u0144skie, brytyjskie i norweskie.\nNikomu nie powiedziano, co robi\u0107. Zrobili to, na co mieli ochot\u0119.\n\nDzi\u015b nazywam to albumem folkowym.\nOpiera si\u0119 na opowiadaniu historii. Teksty s\u0105 niezb\u0119dne w tym albumie. Ka\u017cda piosenka ma najpierw napisane teksty.\n\nChodzi o \u015brodowisko, religi\u0119 i mi\u0142o\u015b\u0107.\n\t\t\t\t\t\t\t\t<\/div>\n\t\t\t\t<\/div>\n\t\t\t\t\t<\/div>\n\t\t<\/div>\n\t\t\t\t<div class=\"elementor-column elementor-col-50 elementor-inner-column elementor-element elementor-element-22a312d\" data-id=\"22a312d\" data-element_type=\"column\">\n\t\t\t<div class=\"elementor-widget-wrap elementor-element-populated\">\n\t\t\t\t\t\t<div class=\"elementor-element elementor-element-923ef97 elementor-widget elementor-widget-image\" data-id=\"923ef97\" data-element_type=\"widget\" data-widget_type=\"image.default\">\n\t\t\t\t<div class=\"elementor-widget-container\">\n\t\t\t\t\t\t\t\t\t\t\t\t\t\t\t\t<a href=\"https:\/\/chodzasluchy.com\/roy-einar-dreng-and-friends-middle-of-the-night-lp-vinyl-p-3853.html\" target=\"_blank\">\n\t\t\t\t\t\t\t<img fetchpriority=\"high\" decoding=\"async\" width=\"959\" height=\"720\" src=\"https:\/\/royeinardreng.com\/pl\/wp-content\/uploads\/2020\/02\/album.png\" class=\"attachment-full size-full wp-image-651\" alt=\"\" srcset=\"https:\/\/royeinardreng.com\/pl\/wp-content\/uploads\/2020\/02\/album.png 959w, https:\/\/royeinardreng.com\/pl\/wp-content\/uploads\/2020\/02\/album-300x225.png 300w, https:\/\/royeinardreng.com\/pl\/wp-content\/uploads\/2020\/02\/album-768x577.png 768w\" sizes=\"(max-width: 959px) 100vw, 959px\" \/>\t\t\t\t\t\t\t\t<\/a>\n\t\t\t\t\t\t\t\t\t\t\t\t\t\t\t<\/div>\n\t\t\t\t<\/div>\n\t\t\t\t\t<\/div>\n\t\t<\/div>\n\t\t\t\t\t<\/div>\n\t\t<\/section>\n\t\t\t\t<div class=\"elementor-element elementor-element-ca45831 elementor-widget-divider--view-line elementor-widget elementor-widget-divider\" data-id=\"ca45831\" data-element_type=\"widget\" data-widget_type=\"divider.default\">\n\t\t\t\t<div class=\"elementor-widget-container\">\n\t\t\t\t\t\t\t<div class=\"elementor-divider\">\n\t\t\t<span class=\"elementor-divider-separator\">\n\t\t\t\t\t\t<\/span>\n\t\t<\/div>\n\t\t\t\t\t\t<\/div>\n\t\t\t\t<\/div>\n\t\t\t\t<section class=\"elementor-section elementor-inner-section elementor-element elementor-element-1627db2 elementor-section-content-middle elementor-reverse-mobile elementor-section-boxed elementor-section-height-default elementor-section-height-default\" data-id=\"1627db2\" data-element_type=\"section\">\n\t\t\t\t\t\t<div class=\"elementor-container elementor-column-gap-no\">\n\t\t\t\t\t<div class=\"elementor-column elementor-col-50 elementor-inner-column elementor-element elementor-element-7338dc0\" data-id=\"7338dc0\" data-element_type=\"column\">\n\t\t\t<div class=\"elementor-widget-wrap elementor-element-populated\">\n\t\t\t\t\t\t<div class=\"elementor-element elementor-element-326824a elementor-widget elementor-widget-heading\" data-id=\"326824a\" data-element_type=\"widget\" data-widget_type=\"heading.default\">\n\t\t\t\t<div class=\"elementor-widget-container\">\n\t\t\t\t\t<h6 class=\"elementor-heading-title elementor-size-default\">R.E.Dreng<\/h6>\t\t\t\t<\/div>\n\t\t\t\t<\/div>\n\t\t\t\t\t<\/div>\n\t\t<\/div>\n\t\t\t\t<div class=\"elementor-column elementor-col-50 elementor-inner-column elementor-element elementor-element-d24c7d7\" data-id=\"d24c7d7\" data-element_type=\"column\">\n\t\t\t<div class=\"elementor-widget-wrap elementor-element-populated\">\n\t\t\t\t\t\t<div class=\"elementor-element elementor-element-373d8b7 elementor-widget elementor-widget-image\" data-id=\"373d8b7\" data-element_type=\"widget\" data-widget_type=\"image.default\">\n\t\t\t\t<div class=\"elementor-widget-container\">\n\t\t\t\t\t\t\t\t\t\t\t\t\t\t\t<img decoding=\"async\" width=\"2560\" height=\"2543\" src=\"https:\/\/royeinardreng.com\/pl\/wp-content\/uploads\/2020\/02\/IMG_2682-scaled.jpg\" class=\"attachment-full size-full wp-image-727\" alt=\"\" srcset=\"https:\/\/royeinardreng.com\/pl\/wp-content\/uploads\/2020\/02\/IMG_2682-scaled.jpg 2560w, https:\/\/royeinardreng.com\/pl\/wp-content\/uploads\/2020\/02\/IMG_2682-300x298.jpg 300w, https:\/\/royeinardreng.com\/pl\/wp-content\/uploads\/2020\/02\/IMG_2682-1024x1017.jpg 1024w, https:\/\/royeinardreng.com\/pl\/wp-content\/uploads\/2020\/02\/IMG_2682-150x150.jpg 150w, https:\/\/royeinardreng.com\/pl\/wp-content\/uploads\/2020\/02\/IMG_2682-768x763.jpg 768w, https:\/\/royeinardreng.com\/pl\/wp-content\/uploads\/2020\/02\/IMG_2682-1536x1526.jpg 1536w, https:\/\/royeinardreng.com\/pl\/wp-content\/uploads\/2020\/02\/IMG_2682-2048x2034.jpg 2048w\" sizes=\"(max-width: 2560px) 100vw, 2560px\" \/>\t\t\t\t\t\t\t\t\t\t\t\t\t\t\t<\/div>\n\t\t\t\t<\/div>\n\t\t\t\t\t<\/div>\n\t\t<\/div>\n\t\t\t\t\t<\/div>\n\t\t<\/section>\n\t\t\t\t<div class=\"elementor-element elementor-element-bfde252 elementor-widget-divider--view-line elementor-widget elementor-widget-divider\" data-id=\"bfde252\" data-element_type=\"widget\" data-widget_type=\"divider.default\">\n\t\t\t\t<div class=\"elementor-widget-container\">\n\t\t\t\t\t\t\t<div class=\"elementor-divider\">\n\t\t\t<span class=\"elementor-divider-separator\">\n\t\t\t\t\t\t<\/span>\n\t\t<\/div>\n\t\t\t\t\t\t<\/div>\n\t\t\t\t<\/div>\n\t\t\t\t<section class=\"elementor-section elementor-inner-section elementor-element elementor-element-4c4e179 elementor-section-content-middle elementor-reverse-mobile elementor-section-boxed elementor-section-height-default elementor-section-height-default\" data-id=\"4c4e179\" data-element_type=\"section\">\n\t\t\t\t\t\t<div class=\"elementor-container elementor-column-gap-no\">\n\t\t\t\t\t<div class=\"elementor-column elementor-col-50 elementor-inner-column elementor-element elementor-element-b9eb5b9\" data-id=\"b9eb5b9\" data-element_type=\"column\">\n\t\t\t<div class=\"elementor-widget-wrap elementor-element-populated\">\n\t\t\t\t\t\t<div class=\"elementor-element elementor-element-9cf920d elementor-widget elementor-widget-heading\" data-id=\"9cf920d\" data-element_type=\"widget\" data-widget_type=\"heading.default\">\n\t\t\t\t<div class=\"elementor-widget-container\">\n\t\t\t\t\t<h6 class=\"elementor-heading-title elementor-size-default\">Dylan songs<\/h6>\t\t\t\t<\/div>\n\t\t\t\t<\/div>\n\t\t\t\t\t<\/div>\n\t\t<\/div>\n\t\t\t\t<div class=\"elementor-column elementor-col-50 elementor-inner-column elementor-element elementor-element-067a484\" data-id=\"067a484\" data-element_type=\"column\">\n\t\t\t<div class=\"elementor-widget-wrap elementor-element-populated\">\n\t\t\t\t\t\t<div class=\"elementor-element elementor-element-726a1d9 elementor-widget elementor-widget-image\" data-id=\"726a1d9\" data-element_type=\"widget\" data-widget_type=\"image.default\">\n\t\t\t\t<div class=\"elementor-widget-container\">\n\t\t\t\t\t\t\t\t\t\t\t\t\t\t\t<img decoding=\"async\" width=\"2357\" height=\"2560\" src=\"https:\/\/royeinardreng.com\/pl\/wp-content\/uploads\/2020\/02\/IMG_2684-scaled.jpg\" class=\"attachment-full size-full wp-image-728\" alt=\"\" srcset=\"https:\/\/royeinardreng.com\/pl\/wp-content\/uploads\/2020\/02\/IMG_2684-scaled.jpg 2357w, https:\/\/royeinardreng.com\/pl\/wp-content\/uploads\/2020\/02\/IMG_2684-276x300.jpg 276w, https:\/\/royeinardreng.com\/pl\/wp-content\/uploads\/2020\/02\/IMG_2684-943x1024.jpg 943w, https:\/\/royeinardreng.com\/pl\/wp-content\/uploads\/2020\/02\/IMG_2684-768x834.jpg 768w, https:\/\/royeinardreng.com\/pl\/wp-content\/uploads\/2020\/02\/IMG_2684-1414x1536.jpg 1414w, https:\/\/royeinardreng.com\/pl\/wp-content\/uploads\/2020\/02\/IMG_2684-1886x2048.jpg 1886w\" sizes=\"(max-width: 2357px) 100vw, 2357px\" \/>\t\t\t\t\t\t\t\t\t\t\t\t\t\t\t<\/div>\n\t\t\t\t<\/div>\n\t\t\t\t\t<\/div>\n\t\t<\/div>\n\t\t\t\t\t<\/div>\n\t\t<\/section>\n\t\t\t\t<div class=\"elementor-element elementor-element-e9d2983 elementor-widget-divider--view-line elementor-widget elementor-widget-divider\" data-id=\"e9d2983\" data-element_type=\"widget\" data-widget_type=\"divider.default\">\n\t\t\t\t<div class=\"elementor-widget-container\">\n\t\t\t\t\t\t\t<div class=\"elementor-divider\">\n\t\t\t<span class=\"elementor-divider-separator\">\n\t\t\t\t\t\t<\/span>\n\t\t<\/div>\n\t\t\t\t\t\t<\/div>\n\t\t\t\t<\/div>\n\t\t\t\t<section class=\"elementor-section elementor-inner-section elementor-element elementor-element-fb33db8 elementor-section-content-middle elementor-reverse-mobile elementor-section-boxed elementor-section-height-default elementor-section-height-default\" data-id=\"fb33db8\" data-element_type=\"section\">\n\t\t\t\t\t\t<div class=\"elementor-container elementor-column-gap-no\">\n\t\t\t\t\t<div class=\"elementor-column elementor-col-50 elementor-inner-column elementor-element elementor-element-48ed357\" data-id=\"48ed357\" data-element_type=\"column\">\n\t\t\t<div class=\"elementor-widget-wrap elementor-element-populated\">\n\t\t\t\t\t\t<div class=\"elementor-element elementor-element-2537492 elementor-widget elementor-widget-heading\" data-id=\"2537492\" data-element_type=\"widget\" data-widget_type=\"heading.default\">\n\t\t\t\t<div class=\"elementor-widget-container\">\n\t\t\t\t\t<h6 class=\"elementor-heading-title elementor-size-default\">R.E.Dreng<\/h6>\t\t\t\t<\/div>\n\t\t\t\t<\/div>\n\t\t\t\t\t<\/div>\n\t\t<\/div>\n\t\t\t\t<div class=\"elementor-column elementor-col-50 elementor-inner-column elementor-element elementor-element-160bde0\" data-id=\"160bde0\" data-element_type=\"column\">\n\t\t\t<div class=\"elementor-widget-wrap elementor-element-populated\">\n\t\t\t\t\t\t<div class=\"elementor-element elementor-element-bc47a33 elementor-widget elementor-widget-image\" data-id=\"bc47a33\" data-element_type=\"widget\" data-widget_type=\"image.default\">\n\t\t\t\t<div class=\"elementor-widget-container\">\n\t\t\t\t\t\t\t\t\t\t\t\t\t\t\t<img loading=\"lazy\" decoding=\"async\" width=\"512\" height=\"512\" src=\"https:\/\/royeinardreng.com\/pl\/wp-content\/uploads\/2020\/02\/iconfinder_Party_Newyears_Vinyl_Cassete_2817111.png\" class=\"attachment-full size-full wp-image-729\" alt=\"\" srcset=\"https:\/\/royeinardreng.com\/pl\/wp-content\/uploads\/2020\/02\/iconfinder_Party_Newyears_Vinyl_Cassete_2817111.png 512w, https:\/\/royeinardreng.com\/pl\/wp-content\/uploads\/2020\/02\/iconfinder_Party_Newyears_Vinyl_Cassete_2817111-300x300.png 300w, https:\/\/royeinardreng.com\/pl\/wp-content\/uploads\/2020\/02\/iconfinder_Party_Newyears_Vinyl_Cassete_2817111-150x150.png 150w\" sizes=\"(max-width: 512px) 100vw, 512px\" \/>\t\t\t\t\t\t\t\t\t\t\t\t\t\t\t<\/div>\n\t\t\t\t<\/div>\n\t\t\t\t\t<\/div>\n\t\t<\/div>\n\t\t\t\t\t<\/div>\n\t\t<\/section>\n\t\t\t\t\t<\/div>\n\t\t<\/div>\n\t\t\t\t\t<\/div>\n\t\t<\/section>\n\t\t\t\t<\/div>\n\t\t","protected":false},"excerpt":{"rendered":"<p>Discography My Singles Albums R.E.Dreng &amp; Friends Middle Of The Night 2016 Kiedy zacz\u0105\u0142em pracowa\u0107 nad tym albumem, mia\u0142em oko\u0142o 50 piosenek. My\u015bla\u0142em, \u017ce robi\u0119 typowy album Americana, ale okaza\u0142o si\u0119, \u017ce jest inaczej. Moja mi\u0142o\u015b\u0107 do muzyki ludowej i fakt, \u017ce pi\u0119kni muzycy tak bardzo dodali swojej duszy do piosenek, sprawi\u0142y, \u017ce jest to [&hellip;]<\/p>\n","protected":false},"author":1,"featured_media":0,"parent":0,"menu_order":0,"comment_status":"closed","ping_status":"closed","template":"elementor_header_footer","meta":{"site-sidebar-layout":"default","site-content-layout":"page-builder","ast-site-content-layout":"default","site-content-style":"default","site-sidebar-style":"default","ast-global-header-display":"","ast-banner-title-visibility":"","ast-main-header-display":"","ast-hfb-above-header-display":"","ast-hfb-below-header-display":"","ast-hfb-mobile-header-display":"","site-post-title":"disabled","ast-breadcrumbs-content":"disabled","ast-featured-img":"disabled","footer-sml-layout":"","theme-transparent-header-meta":"enabled","adv-header-id-meta":"","stick-header-meta":"default","header-above-stick-meta":"","header-main-stick-meta":"","header-below-stick-meta":"","astra-migrate-meta-layouts":"default","ast-page-background-enabled":"default","ast-page-background-meta":{"desktop":{"background-color":"var(--ast-global-color-4)","background-image":"","background-repeat":"repeat","background-position":"center center","background-size":"auto","background-attachment":"scroll","background-type":"","background-media":"","overlay-type":"","overlay-color":"","overlay-opacity":"","overlay-gradient":""},"tablet":{"background-color":"","background-image":"","background-repeat":"repeat","background-position":"center center","background-size":"auto","background-attachment":"scroll","background-type":"","background-media":"","overlay-type":"","overlay-color":"","overlay-opacity":"","overlay-gradient":""},"mobile":{"background-color":"","background-image":"","background-repeat":"repeat","background-position":"center center","background-size":"auto","background-attachment":"scroll","background-type":"","background-media":"","overlay-type":"","overlay-color":"","overlay-opacity":"","overlay-gradient":""}},"ast-content-background-meta":{"desktop":{"background-color":"var(--ast-global-color-5)","background-image":"","background-repeat":"repeat","background-position":"center center","background-size":"auto","background-attachment":"scroll","background-type":"","background-media":"","overlay-type":"","overlay-color":"","overlay-opacity":"","overlay-gradient":""},"tablet":{"background-color":"var(--ast-global-color-5)","background-image":"","background-repeat":"repeat","background-position":"center center","background-size":"auto","background-attachment":"scroll","background-type":"","background-media":"","overlay-type":"","overlay-color":"","overlay-opacity":"","overlay-gradient":""},"mobile":{"background-color":"var(--ast-global-color-5)","background-image":"","background-repeat":"repeat","background-position":"center center","background-size":"auto","background-attachment":"scroll","background-type":"","background-media":"","overlay-type":"","overlay-color":"","overlay-opacity":"","overlay-gradient":""}},"footnotes":""},"class_list":["post-15","page","type-page","status-publish","hentry"],"_links":{"self":[{"href":"https:\/\/royeinardreng.com\/pl\/wp-json\/wp\/v2\/pages\/15","targetHints":{"allow":["GET"]}}],"collection":[{"href":"https:\/\/royeinardreng.com\/pl\/wp-json\/wp\/v2\/pages"}],"about":[{"href":"https:\/\/royeinardreng.com\/pl\/wp-json\/wp\/v2\/types\/page"}],"author":[{"embeddable":true,"href":"https:\/\/royeinardreng.com\/pl\/wp-json\/wp\/v2\/users\/1"}],"replies":[{"embeddable":true,"href":"https:\/\/royeinardreng.com\/pl\/wp-json\/wp\/v2\/comments?post=15"}],"version-history":[{"count":15,"href":"https:\/\/royeinardreng.com\/pl\/wp-json\/wp\/v2\/pages\/15\/revisions"}],"predecessor-version":[{"id":1215,"href":"https:\/\/royeinardreng.com\/pl\/wp-json\/wp\/v2\/pages\/15\/revisions\/1215"}],"wp:attachment":[{"href":"https:\/\/royeinardreng.com\/pl\/wp-json\/wp\/v2\/media?parent=15"}],"curies":[{"name":"wp","href":"https:\/\/api.w.org\/{rel}","templated":true}]}}